{"id":1296,"date":"2024-04-14T13:31:00","date_gmt":"2024-04-14T11:31:00","guid":{"rendered":"https:\/\/korestudio.fr\/?page_id=1296"},"modified":"2025-11-16T14:44:52","modified_gmt":"2025-11-16T13:44:52","slug":"retraites-voyages-pilates","status":"publish","type":"page","link":"https:\/\/korestudio.fr\/index.php\/retraites-voyages-pilates\/","title":{"rendered":"Nos pr\u00e9c\u00e9dentes retraites"},"content":{"rendered":"\n<h2 class=\"wp-block-heading\">Portugal 2025<\/h2>\n\n\n\n<figure class=\"wp-block-image size-large\"><img loading=\"lazy\" decoding=\"async\" width=\"1024\" height=\"819\" src=\"https:\/\/korestudio.fr\/wp-content\/uploads\/2025\/11\/Brown-Autumn-Photo-Collage-1-1024x819.png\" alt=\"\" class=\"wp-image-3206\" srcset=\"https:\/\/korestudio.fr\/wp-content\/uploads\/2025\/11\/Brown-Autumn-Photo-Collage-1-1024x819.png 1024w, https:\/\/korestudio.fr\/wp-content\/uploads\/2025\/11\/Brown-Autumn-Photo-Collage-1-300x240.png 300w, https:\/\/korestudio.fr\/wp-content\/uploads\/2025\/11\/Brown-Autumn-Photo-Collage-1-768x614.png 768w, https:\/\/korestudio.fr\/wp-content\/uploads\/2025\/11\/Brown-Autumn-Photo-Collage-1-1536x1229.png 1536w, https:\/\/korestudio.fr\/wp-content\/uploads\/2025\/11\/Brown-Autumn-Photo-Collage-1-1350x1080.png 1350w, https:\/\/korestudio.fr\/wp-content\/uploads\/2025\/11\/Brown-Autumn-Photo-Collage-1.png 2000w\" sizes=\"(max-width: 1024px) 100vw, 1024px\" \/><\/figure>\n\n\n\n\n\n<h2 class=\"wp-block-heading\">Corse 2024<\/h2>\n\n\n\n<figure class=\"wp-block-image size-large\"><img loading=\"lazy\" decoding=\"async\" width=\"1024\" height=\"819\" src=\"https:\/\/korestudio.fr\/wp-content\/uploads\/2024\/11\/IMG_8416-1024x819.jpg\" alt=\"\" class=\"wp-image-1731\" srcset=\"https:\/\/korestudio.fr\/wp-content\/uploads\/2024\/11\/IMG_8416-1024x819.jpg 1024w, https:\/\/korestudio.fr\/wp-content\/uploads\/2024\/11\/IMG_8416-300x240.jpg 300w, https:\/\/korestudio.fr\/wp-content\/uploads\/2024\/11\/IMG_8416-768x614.jpg 768w, https:\/\/korestudio.fr\/wp-content\/uploads\/2024\/11\/IMG_8416-1536x1229.jpg 1536w, https:\/\/korestudio.fr\/wp-content\/uploads\/2024\/11\/IMG_8416-1568x1254.jpg 1568w, https:\/\/korestudio.fr\/wp-content\/uploads\/2024\/11\/IMG_8416.jpg 2000w\" sizes=\"(max-width: 1024px) 100vw, 1024px\" \/><\/figure>\n\n\n\n<p>\u00ab\u00a0Merci pour cette magnifique semaine, je me sens d\u00e9tendue et plus muscl\u00e9e \u00e0 la fois &#8230;\u00a0\u00bb \u00ab\u00a0Apres une semaine de reprise de boulot , je me sens encore pleine d&rsquo;\u00e9nergie fabuleuse emmagisin\u00e9e \u00e0 Casa Lou&#8230;\u00a0\u00bb Annabelle<\/p>\n\n\n\n<p>\u00ab\u00a0Merci encore pour cette semaine magique,; Lieu,participants, participantes, prof de toute premi\u00e8re qualit\u00e9. Que du bonheur\u00a0\u00bb Elizabeth<\/p>\n\n\n\n<h2 class=\"wp-block-heading\">Bali 2023<\/h2>\n\n\n\n<figure class=\"wp-block-image size-large\"><img loading=\"lazy\" decoding=\"async\" width=\"1024\" height=\"819\" src=\"https:\/\/korestudio.fr\/wp-content\/uploads\/2024\/04\/IMG_3201-1024x819.png\" alt=\"\" class=\"wp-image-1297\" srcset=\"https:\/\/korestudio.fr\/wp-content\/uploads\/2024\/04\/IMG_3201-1024x819.png 1024w, https:\/\/korestudio.fr\/wp-content\/uploads\/2024\/04\/IMG_3201-300x240.png 300w, https:\/\/korestudio.fr\/wp-content\/uploads\/2024\/04\/IMG_3201-768x614.png 768w, https:\/\/korestudio.fr\/wp-content\/uploads\/2024\/04\/IMG_3201-1536x1229.png 1536w, https:\/\/korestudio.fr\/wp-content\/uploads\/2024\/04\/IMG_3201-1568x1254.png 1568w, https:\/\/korestudio.fr\/wp-content\/uploads\/2024\/04\/IMG_3201.png 2000w\" sizes=\"(max-width: 1024px) 100vw, 1024px\" \/><\/figure>\n\n\n\n<p>\u00ab\u00a0Je voulais te remercier pour l&rsquo;opportunit\u00e9 que tu m&rsquo;as offerte en faisant ce stage Pilates \u00e0 Bali. Cela a \u00e9t\u00e9 une exp\u00e9rience inoubliable,&nbsp; dans un cadre inoubliable et surtout avec des personnes inoubliables! \u00a0\u00bb Murielle<\/p>\n\n\n\n<p>\u00ab\u00a0Cette retraite pilates \u00e9tait magique, see you next time\u00a0\u00bb Annie<\/p>\n\n\n\n<h2 class=\"wp-block-heading\">New-York 2019<\/h2>\n\n\n\n<figure class=\"wp-block-image size-large\"><img loading=\"lazy\" decoding=\"async\" width=\"1024\" height=\"819\" src=\"https:\/\/korestudio.fr\/wp-content\/uploads\/2024\/04\/Brown-Autumn-Photo-Collage-2-1024x819.png\" alt=\"\" class=\"wp-image-1298\" srcset=\"https:\/\/korestudio.fr\/wp-content\/uploads\/2024\/04\/Brown-Autumn-Photo-Collage-2-1024x819.png 1024w, https:\/\/korestudio.fr\/wp-content\/uploads\/2024\/04\/Brown-Autumn-Photo-Collage-2-300x240.png 300w, https:\/\/korestudio.fr\/wp-content\/uploads\/2024\/04\/Brown-Autumn-Photo-Collage-2-768x614.png 768w, https:\/\/korestudio.fr\/wp-content\/uploads\/2024\/04\/Brown-Autumn-Photo-Collage-2-1536x1229.png 1536w, https:\/\/korestudio.fr\/wp-content\/uploads\/2024\/04\/Brown-Autumn-Photo-Collage-2-1568x1254.png 1568w, https:\/\/korestudio.fr\/wp-content\/uploads\/2024\/04\/Brown-Autumn-Photo-Collage-2.png 2000w\" sizes=\"(max-width: 1024px) 100vw, 1024px\" \/><\/figure>\n\n\n\n<p>\u00ab\u00a0Merci Julie de m&rsquo;avoir fait d\u00e9couvrir le pilates et New York avec un guide d&rsquo;exception en la personne de Nicolas. et peut-\u00eatre pour de nouvelles aventures\u00a0\u00bb. Patrice<\/p>\n\n\n\n<p><\/p>\n\n\n\n<h2 class=\"wp-block-heading\">Tha\u00eflande 2018<\/h2>\n\n\n\n<figure class=\"wp-block-image size-large\"><img loading=\"lazy\" decoding=\"async\" width=\"1024\" height=\"819\" src=\"https:\/\/korestudio.fr\/wp-content\/uploads\/2024\/04\/933CD0B5-3A43-44E8-90C5-D737F2C8CE6C-1024x819.png\" alt=\"\" class=\"wp-image-1299\" srcset=\"https:\/\/korestudio.fr\/wp-content\/uploads\/2024\/04\/933CD0B5-3A43-44E8-90C5-D737F2C8CE6C-1024x819.png 1024w, https:\/\/korestudio.fr\/wp-content\/uploads\/2024\/04\/933CD0B5-3A43-44E8-90C5-D737F2C8CE6C-300x240.png 300w, https:\/\/korestudio.fr\/wp-content\/uploads\/2024\/04\/933CD0B5-3A43-44E8-90C5-D737F2C8CE6C-768x614.png 768w, https:\/\/korestudio.fr\/wp-content\/uploads\/2024\/04\/933CD0B5-3A43-44E8-90C5-D737F2C8CE6C-1536x1229.png 1536w, https:\/\/korestudio.fr\/wp-content\/uploads\/2024\/04\/933CD0B5-3A43-44E8-90C5-D737F2C8CE6C-1568x1254.png 1568w, https:\/\/korestudio.fr\/wp-content\/uploads\/2024\/04\/933CD0B5-3A43-44E8-90C5-D737F2C8CE6C.png 2000w\" sizes=\"(max-width: 1024px) 100vw, 1024px\" \/><\/figure>\n\n\n\n<p>\u00ab\u00a0Mille mercis super Julie pour tous ces moments d&rsquo;apaisement, de concentration, d&rsquo;\u00e9quilibre et de gr\u00e2ce (autant que possible&#8230;!). .. quelle chance d&rsquo;avoir pu vivre cette experience unique et d&rsquo;avoir pu croiser une prof comme toi\u00a0\u00bb Emilie<\/p>\n","protected":false},"excerpt":{"rendered":"<p>Portugal 2025 Corse 2024 \u00ab\u00a0Merci pour cette magnifique semaine, je me sens d\u00e9tendue et plus muscl\u00e9e \u00e0 la fois &#8230;\u00a0\u00bb \u00ab\u00a0Apres une semaine de reprise de boulot , je me sens encore pleine d&rsquo;\u00e9nergie fabuleuse emmagisin\u00e9e \u00e0 Casa Lou&#8230;\u00a0\u00bb Annabelle \u00ab\u00a0Merci encore pour cette semaine magique,; Lieu,participants, participantes, prof de toute premi\u00e8re qualit\u00e9. Que du [&hellip;]<\/p>\n","protected":false},"author":1,"featured_media":0,"parent":0,"menu_order":0,"comment_status":"closed","ping_status":"closed","template":"","meta":{"saved_in_kubio":true,"footnotes":""},"class_list":["post-1296","page","type-page","status-publish","hentry"],"kubio_ai_page_context":{"short_desc":"","purpose":"general"},"_links":{"self":[{"href":"https:\/\/korestudio.fr\/index.php\/wp-json\/wp\/v2\/pages\/1296","targetHints":{"allow":["GET"]}}],"collection":[{"href":"https:\/\/korestudio.fr\/index.php\/wp-json\/wp\/v2\/pages"}],"about":[{"href":"https:\/\/korestudio.fr\/index.php\/wp-json\/wp\/v2\/types\/page"}],"author":[{"embeddable":true,"href":"https:\/\/korestudio.fr\/index.php\/wp-json\/wp\/v2\/users\/1"}],"replies":[{"embeddable":true,"href":"https:\/\/korestudio.fr\/index.php\/wp-json\/wp\/v2\/comments?post=1296"}],"version-history":[{"count":4,"href":"https:\/\/korestudio.fr\/index.php\/wp-json\/wp\/v2\/pages\/1296\/revisions"}],"predecessor-version":[{"id":3208,"href":"https:\/\/korestudio.fr\/index.php\/wp-json\/wp\/v2\/pages\/1296\/revisions\/3208"}],"wp:attachment":[{"href":"https:\/\/korestudio.fr\/index.php\/wp-json\/wp\/v2\/media?parent=1296"}],"curies":[{"name":"wp","href":"https:\/\/api.w.org\/{rel}","templated":true}]}}