{"id":178,"date":"2021-11-24T14:51:02","date_gmt":"2021-11-24T13:51:02","guid":{"rendered":"http:\/\/korestudio.fr\/?page_id=178"},"modified":"2025-07-06T17:10:05","modified_gmt":"2025-07-06T15:10:05","slug":"accueil","status":"publish","type":"page","link":"https:\/\/korestudio.fr\/index.php\/accueil\/","title":{"rendered":"Kore Studio &#8211; Centre de Pilates &#8211; Reformer Pilates &#038; \u00c9cole de danse \u00e0 Mios"},"content":{"rendered":"\n<hr class=\"wp-block-separator has-alpha-channel-opacity\"\/>\n\n\n\n<h2 class=\"wp-block-heading has-primary-color has-background-background-color has-text-color has-background\">Bienvenue, que souhaitez-vous faire ?<\/h2>\n\n\n\n<div class=\"wp-block-buttons is-layout-flex wp-block-buttons-is-layout-flex\">\n<div class=\"wp-block-button is-style-fill\"><a class=\"wp-block-button__link has-text-align-center wp-element-button\" href=\"https:\/\/korestudio.helloresa.com\" target=\"_blank\" rel=\"noreferrer noopener\">R\u00e9server un cours adulte<\/a><\/div>\n\n\n\n<div class=\"wp-block-button\"><a class=\"wp-block-button__link wp-element-button\" href=\"http:\/\/docs.google.com\/forms\/d\/e\/1FAIpQLSccSjGM7GkBJC__Ss2WQfQSfbPTPs1ZHiy7B5wf2Ust654wkw\/viewform\" target=\"_blank\" rel=\"noreferrer noopener\">Inscrire votre enfant \u00e0 la danse<\/a><\/div>\n\n\n\n<div class=\"wp-block-button\"><a class=\"wp-block-button__link wp-element-button\" href=\"https:\/\/korestudio.fr\/index.php\/tarifs-des-cours\/\">Conna\u00eetre les tarifs<\/a><\/div>\n<\/div>\n\n\n\n<div class=\"wp-block-jetpack-send-a-message\">\n<div class=\"wp-block-jetpack-whatsapp-button aligncenter is-color-dark\"><a class=\"whatsapp-block__button\" href=\"https:\/\/api.whatsapp.com\/send?phone=33757127363&amp;text=Bonjour%2C%20bienvenue%20sur%20le%20WhatsApp%20de%20Kore%20Studio%20Mios.%20Posez%20nous%20vos%20questions%20nous%20vous%20r%C3%A9pondrons%20dans%20les%20plus%20brefs%20d%C3%A9lais.\" style=\"background-color:#25D366;color:#fff\" target=\"_blank\" rel=\"noopener noreferrer\">Discuter sur WhatsApp<\/a><\/div>\n<\/div>\n\n\n\n<div class=\"wp-block-buttons is-layout-flex wp-block-buttons-is-layout-flex\"><\/div>\n\n\n\n<h2 class=\"wp-block-heading has-primary-color has-background-background-color has-text-color has-background\">Inscrivez-vous \u00e0 notre newsletter \u00ab\u00a0infos et bien-\u00eatre\u00a0\u00bb:<\/h2>\n\n\n<div class=\"wp-block-jetpack-contact-form\"><a href=\"https:\/\/korestudio.fr\/index.php\/accueil\/\" target=\"_blank\" rel=\"noopener noreferrer\">Soumettre un formulaire.<\/a><\/div>\n\n\n<hr class=\"wp-block-separator has-css-opacity\"\/>\n\n\n\n<h2 class=\"wp-block-heading\">Planning et r\u00e9servations:<\/h2>\n\n\n\n<iframe id=\"planning\" name=\"Planning\" src=\"https:\/\/korestudio.helloresa.com\/public\/planning\" height=\"600px\" style=\"width: 100%; border: 0;\"><\/iframe>\n\n\n\n<hr class=\"wp-block-separator has-css-opacity\"\/>\n\n\n\n<div class=\"wp-block-media-text alignwide is-stacked-on-mobile\"><figure class=\"wp-block-media-text__media\"><img loading=\"lazy\" decoding=\"async\" width=\"500\" height=\"500\" src=\"https:\/\/korestudiofr.files.wordpress.com\/2021\/11\/logo-kore-studio-2.jpg\" alt=\"\" class=\"wp-image-282 size-full\" srcset=\"https:\/\/korestudio.fr\/wp-content\/uploads\/2021\/11\/logo-kore-studio-2.jpg 500w, https:\/\/korestudio.fr\/wp-content\/uploads\/2021\/11\/logo-kore-studio-2-300x300.jpg 300w, https:\/\/korestudio.fr\/wp-content\/uploads\/2021\/11\/logo-kore-studio-2-150x150.jpg 150w\" sizes=\"(max-width: 500px) 100vw, 500px\" \/><\/figure><div class=\"wp-block-media-text__content\">\n<p class=\"has-large-font-size\"><em>\u00ab\u00a0LA FORME PHYSIQUE EST LA PREMI\u00c8RE CONDITION N\u00c9CESSAIRE AU BONHEUR.\u00a0\u00bb<\/em><\/p>\n\n\n\n<p>Joseph Pilates<\/p>\n<\/div><\/div>\n\n\n\n<hr class=\"wp-block-separator has-css-opacity\"\/>\n\n\n\n<h2 class=\"wp-block-heading has-text-align-center\">D\u00e9couvrir notre offre de cours et activit\u00e9s \u00e0 Mios<\/h2>\n\n\n\n<div class=\"wp-block-columns alignwide has-3-columns is-layout-flex wp-container-core-columns-is-layout-28f84493 wp-block-columns-is-layout-flex\">\n<div class=\"wp-block-column is-layout-flow wp-block-column-is-layout-flow\">\n<h4 class=\"wp-block-heading has-text-align-center\" id=\"danse\">Pilates &#8211; Fly Pilates<\/h4>\n\n\n\n<figure class=\"wp-block-image size-full\"><img loading=\"lazy\" decoding=\"async\" width=\"1880\" height=\"1253\" src=\"https:\/\/korestudiofr.files.wordpress.com\/2021\/11\/pexels-photo-4498574.jpeg\" alt=\"\" class=\"wp-image-345\"\/><\/figure>\n\n\n\n<p>Cours collectifs de Pilates, Fly Pilates (hamacs), avec et sans accessoires, en petit groupe, encadr\u00e9 par des professeurs dipl\u00f4m\u00e9s. Cours de Pilates doux (adapt\u00e9s) et cours tous niveaux.<br><\/p>\n<\/div>\n\n\n\n<div class=\"wp-block-column is-layout-flow wp-block-column-is-layout-flow\">\n<h4 class=\"wp-block-heading has-text-align-center\" id=\"lots-personnalises\">Pilates Reformer<\/h4>\n\n\n\n<figure class=\"wp-block-image size-full\"><a href=\"https:\/\/docs.google.com\/forms\/d\/e\/1FAIpQLSdVVdw-sSPHiAPeTqe9ObLK9spMm2GW1D8zLp3A9tl6P2N4Pw\/viewform\"><img loading=\"lazy\" decoding=\"async\" width=\"1880\" height=\"1253\" src=\"https:\/\/korestudiofr.files.wordpress.com\/2021\/11\/pexels-photo-9288101.jpeg\" alt=\"\" class=\"wp-image-352\"\/><\/a><\/figure>\n\n\n\n<p>Cours collectifs (4 personnes), ou particulier ou en duo de reformer et tower (machine Pilates).<br><\/p>\n<\/div>\n\n\n\n<div class=\"wp-block-column is-layout-flow wp-block-column-is-layout-flow\">\n<h4 class=\"wp-block-heading has-text-align-center\" id=\"lots-personnalises\">Danse<\/h4>\n\n\n\n<figure class=\"wp-block-image size-large\"><img loading=\"lazy\" decoding=\"async\" width=\"1880\" height=\"1253\" src=\"https:\/\/korestudiofr.files.wordpress.com\/2021\/11\/pexels-photo-12312.jpeg?w=750\" alt=\"\" class=\"wp-image-347\"\/><\/figure>\n\n\n\n<p>\u00c9cole de danse classique et contemporaine pour les enfants (d\u00e8s 3 ans) et les adultes, tous niveaux, de d\u00e9butants \u00e0 confirm\u00e9s. Cours de Fitness Ballet pour adultes.<br><\/p>\n<\/div>\n\n\n\n<div class=\"wp-block-column is-layout-flow wp-block-column-is-layout-flow\">\n<h4 class=\"wp-block-heading has-text-align-center\" id=\"pilates\">Yoga \/ Barre au Sol<\/h4>\n\n\n\n<figure class=\"wp-block-image size-large\"><img loading=\"lazy\" decoding=\"async\" width=\"1024\" height=\"682\" src=\"https:\/\/korestudio.fr\/wp-content\/uploads\/2021\/12\/pexels-photo-7593196-1024x682.jpeg\" alt=\"\" class=\"wp-image-395\" srcset=\"https:\/\/korestudio.fr\/wp-content\/uploads\/2021\/12\/pexels-photo-7593196-1024x682.jpeg 1024w, https:\/\/korestudio.fr\/wp-content\/uploads\/2021\/12\/pexels-photo-7593196-300x200.jpeg 300w, https:\/\/korestudio.fr\/wp-content\/uploads\/2021\/12\/pexels-photo-7593196-768x512.jpeg 768w, https:\/\/korestudio.fr\/wp-content\/uploads\/2021\/12\/pexels-photo-7593196-1536x1024.jpeg 1536w, https:\/\/korestudio.fr\/wp-content\/uploads\/2021\/12\/pexels-photo-7593196.jpeg 1880w\" sizes=\"(max-width: 1024px) 100vw, 1024px\" \/><\/figure>\n\n\n\n<p>Cours de Barre au Sol tous niveaux (voir <a href=\"https:\/\/korestudio.fr\/index.php\/planning-des-cours\/\" data-type=\"page\" data-id=\"231\">planning<\/a>). Diff\u00e9rents types de Yoga sont propos\u00e9s: <a href=\"https:\/\/korestudio.fr\/index.php\/a-propos\/lequipe-kore-studio\/\" data-type=\"URL\" data-id=\"https:\/\/korestudio.fr\/index.php\/a-propos\/lequipe-kore-studio\/\">Contact des professeurs dans leur pr\u00e9sentation.<\/a><br><\/p>\n<\/div>\n<\/div>\n\n\n\n<div class=\"wp-block-columns alignwide has-3-columns is-layout-flex wp-container-core-columns-is-layout-28f84493 wp-block-columns-is-layout-flex\">\n<div class=\"wp-block-column is-layout-flow wp-block-column-is-layout-flow\">\n<h4 class=\"wp-block-heading has-text-align-center\" id=\"danse\">Espace Sant\u00e9 param\u00e9dical<\/h4>\n\n\n\n<figure class=\"wp-block-image size-large\"><img loading=\"lazy\" decoding=\"async\" width=\"1024\" height=\"680\" src=\"https:\/\/korestudio.fr\/wp-content\/uploads\/2021\/12\/treatment-finger-keep-hand-161477-1024x680.jpeg\" alt=\"\" class=\"wp-image-344\" srcset=\"https:\/\/korestudio.fr\/wp-content\/uploads\/2021\/12\/treatment-finger-keep-hand-161477-1024x680.jpeg 1024w, https:\/\/korestudio.fr\/wp-content\/uploads\/2021\/12\/treatment-finger-keep-hand-161477-300x199.jpeg 300w, https:\/\/korestudio.fr\/wp-content\/uploads\/2021\/12\/treatment-finger-keep-hand-161477-768x510.jpeg 768w, https:\/\/korestudio.fr\/wp-content\/uploads\/2021\/12\/treatment-finger-keep-hand-161477-1536x1020.jpeg 1536w, https:\/\/korestudio.fr\/wp-content\/uploads\/2021\/12\/treatment-finger-keep-hand-161477.jpeg 1880w\" sizes=\"(max-width: 1024px) 100vw, 1024px\" \/><\/figure>\n\n\n\n<p>Cabinets d&rsquo;Ost\u00e9opathie, Kin\u00e9siologie, et Coach de Vie. Prise de rendez-vous par t\u00e9l\u00e9phone, sur internet, ou sur Doctolib (ost\u00e9opathe uniquement).<br><\/p>\n<\/div>\n\n\n\n<div class=\"wp-block-column is-layout-flow wp-block-column-is-layout-flow\">\n<h4 class=\"wp-block-heading has-text-align-center has-small-font-size\" id=\"pilates\">Ateliers Parents\/Enfants<\/h4>\n\n\n\n<figure class=\"wp-block-image size-full\"><img loading=\"lazy\" decoding=\"async\" width=\"1880\" height=\"1253\" src=\"https:\/\/korestudiofr.files.wordpress.com\/2021\/11\/pexels-photo-4473612.jpeg\" alt=\"\" class=\"wp-image-357\"\/><\/figure>\n\n\n\n<p>Des ateliers ponctuels parents\/enfants en danse, pilates et yoga (<a href=\"https:\/\/korestudio.fr\/index.php\/planning-des-cours\/\" data-type=\"page\" data-id=\"231\">voir planning<\/a>). <\/p>\n<\/div>\n\n\n\n<div class=\"wp-block-column is-layout-flow wp-block-column-is-layout-flow\">\n<h4 class=\"wp-block-heading has-text-align-center\" id=\"lots-personnalises\"><a href=\"https:\/\/korestudio.fr\/index.php\/contact\/\" data-type=\"page\" data-id=\"8\">Pilates sant\u00e9 au travail<\/a><\/h4>\n\n\n\n<figure class=\"wp-block-image size-large\"><img loading=\"lazy\" decoding=\"async\" width=\"1880\" height=\"1253\" src=\"https:\/\/korestudiofr.files.wordpress.com\/2021\/11\/pexels-photo-3790848.jpeg?w=750\" alt=\"\" class=\"wp-image-350\"\/><\/figure>\n\n\n\n<p>Cours dans les entreprises, pour soutenir la d\u00e9marche d&rsquo;une meilleure qualit\u00e9 de vie au travail. Entreprises, n&rsquo;h\u00e9sitez pas \u00e0 <a href=\"https:\/\/korestudio.fr\/index.php\/contact\/\" data-type=\"page\" data-id=\"8\">nous contacter!<\/a><br><\/p>\n<\/div>\n\n\n\n<div class=\"wp-block-column is-layout-flow wp-block-column-is-layout-flow\">\n<h4 class=\"wp-block-heading has-text-align-center\" id=\"lots-personnalises\">Voyages bien-\u00eatre <\/h4>\n\n\n\n<figure class=\"wp-block-image size-full\"><a href=\"https:\/\/korestudio.fr\/voyage-andalousie-avril-2022\/\"><img loading=\"lazy\" decoding=\"async\" width=\"1880\" height=\"1266\" src=\"https:\/\/korestudiofr.files.wordpress.com\/2021\/11\/pexels-photo-3779748.jpeg\" alt=\"\" class=\"wp-image-356\"\/><\/a><\/figure>\n\n\n\n<p>Pratiquez le pilates dans des endroits uniques, proches ou lointains. Alliez d\u00e9couvertes, visites, partage, bien-\u00eatre &amp; plaisir dans des lieux d&rsquo;exception. Vous souhaitez \u00eatre inform\u00e9.e? <a href=\"https:\/\/korestudio.fr\/index.php\/contact\/\" data-type=\"page\" data-id=\"8\">Inscrivez-vous \u00e0 notre newsletter.<\/a><br><\/p>\n<\/div>\n<\/div>\n\n\n\n<hr class=\"wp-block-separator has-alpha-channel-opacity\"\/>\n\n\n\n<h2 class=\"wp-block-heading has-text-align-center\">Les cours du studio en vid\u00e9o:<\/h2>\n\n\n\n<figure class=\"wp-block-video\"><video controls src=\"https:\/\/korestudio.fr\/wp-content\/uploads\/2024\/10\/Teaser-KORE-STUDIO-light.mp4\"><\/video><\/figure>\n\n\n\n<hr class=\"wp-block-separator has-css-opacity\"\/>\n\n\n\n<h2 class=\"wp-block-heading has-text-align-center\">La visite du studio en vid\u00e9o:<\/h2>\n\n\n\n<figure class=\"wp-block-video wp-block-embed is-type-video is-provider-videopress\"><div class=\"wp-block-embed__wrapper\">\n<iframe title=\"VideoPress Video Player\" aria-label='VideoPress Video Player' width='500' height='281' src='https:\/\/video.wordpress.com\/embed\/FDPG5084?cover=1&amp;preloadContent=metadata&amp;useAverageColor=1&amp;hd=0' frameborder='0' allowfullscreen data-resize-to-parent=\"true\" allow='clipboard-write'><\/iframe><script src='https:\/\/v0.wordpress.com\/js\/next\/videopress-iframe.js?m=1739540970'><\/script>\n<\/div><\/figure>\n\n\n\n<hr class=\"wp-block-separator has-css-opacity\"\/>\n\n\n\n<h2 class=\"wp-block-heading has-text-align-center\">Nous trouver et nous rendre visite:<\/h2>\n\n\n\n<h4 class=\"wp-block-heading\" id=\"nous-trouver-12-avenue-de-la-liberation-33380-mios-gironde\"><a rel=\"noreferrer noopener\" href=\"https:\/\/goo.gl\/maps\/HnabVnKKajxSsKpz9\" target=\"_blank\">12 Avenue de la Lib\u00e9ration, 33380 &#8211; Mios, Gironde<\/a><\/h4>\n\n\n\n<iframe src=\"https:\/\/www.google.com\/maps\/embed?pb=!1m14!1m8!1m3!1d793.8617610894547!2d-0.9360256272326433!3d44.60537370054027!3m2!1i1024!2i768!4f13.1!3m3!1m2!1s0xd547f7deb4a88d9%3A0x410aa7fb66d316d7!2sKOR%C4%92%20STUDIO!5e0!3m2!1sfr!2sfr!4v1690354314255!5m2!1sfr!2sfr\" width=\"600\" height=\"450\" style=\"border:0;\" allowfullscreen=\"\" loading=\"lazy\" referrerpolicy=\"no-referrer-when-downgrade\"><\/iframe>\n\n\n\n<div class=\"wp-block-group alignfull has-primary-background-color has-background\"><div class=\"wp-block-group__inner-container is-layout-flow wp-block-group-is-layout-flow\">\n<div style=\"height:64px\" aria-hidden=\"true\" class=\"wp-block-spacer\"><\/div>\n\n\n\n<div class=\"wp-block-columns alignwide is-layout-flex wp-container-core-columns-is-layout-28f84493 wp-block-columns-is-layout-flex\">\n<div class=\"wp-block-column is-layout-flow wp-block-column-is-layout-flow\">\n<h4 class=\"wp-block-heading\" id=\"kore-studio-1\">Kore Studio<\/h4>\n\n\n\n<p>Centre de Pilates Mios, Fly Pilates, Reformer Pilates (machines), \u00e9cole de danse Mios, cours de yoga Mios, fitness ballet, coaching priv\u00e9 et espace bien-\u00eatre\/sant\u00e9 (ost\u00e9opathie, kin\u00e9siologie, coach de vie) situ\u00e9 \u00e0 Mios en Gironde. Accueil tous les jours. Grande salle parquet bois, vestiaires, casiers, douche. Cadre design et chaleureux. Parking gratuit sur place pour les \u00e9l\u00e8ves et clients.<\/p>\n\n\n\n<p class=\"has-text-align-left has-secondary-color has-text-color\"><a href=\"https:\/\/korestudio.fr\/a-propos\/\">En savoir plus sur le centre<\/a><\/p>\n<\/div>\n\n\n\n<div class=\"wp-block-column is-layout-flow wp-block-column-is-layout-flow\">\n<h4 class=\"wp-block-heading\" id=\"contactez-nous\">Contactez-nous<\/h4>\n\n\n\n<ul class=\"wp-block-list\">\n<li><a href=\"https:\/\/korestudio.fr\/contact\/\">contact@korestudio.fr<\/a><\/li>\n\n\n\n<li>07.57.12.73.63<\/li>\n<\/ul>\n\n\n\n<p class=\"has-text-align-left has-text-color\" style=\"color:#8ed1fc\"><a href=\"https:\/\/korestudio.fr\/contact\/\">Nous envoyer un message<\/a><\/p>\n<\/div>\n\n\n\n<div class=\"wp-block-column is-layout-flow wp-block-column-is-layout-flow\">\n<h4 class=\"wp-block-heading\" id=\"rendez-nous-visite\">Rendez-nous visite<\/h4>\n\n\n\n<p><a href=\"https:\/\/goo.gl\/maps\/HnabVnKKajxSsKpz9\" target=\"_blank\" rel=\"noreferrer noopener\">12 Av. de la Lib\u00e9ration <br>33380 &#8211; Mios<br>Gironde &#8211; France<\/a><\/p>\n\n\n\n<p class=\"has-tertiary-color has-text-color\"><em>Kor\u0113 Studio est un centre de cours de Pilates, Fly Pilates, Reformer Pilates (machines), Yoga, une \u00e9cole de danse et un centre param\u00e9dical situ\u00e9 \u00e0 Mios, \u00e0 10 minutes de Biganos, Salles et Le Teich, \u00e0 20 minutes de Gujan-Mestras, Audenge, La Teste-de-Buch, Arcachon, Sanguinet, Belin-Beliet, Le Barp et Marcheprime.<\/em> <em>35 minutes de Bordeaux, Pessac, M\u00e9rignac, Cestas et Biscarrosse.<\/em><\/p>\n<\/div>\n<\/div>\n\n\n\n<div style=\"height:36px\" aria-hidden=\"true\" class=\"wp-block-spacer desktop-only\"><\/div>\n<\/div><\/div>\n\n\n\n<p><\/p>\n","protected":false},"excerpt":{"rendered":"<p>Kore Studio, \u00e9cole de danse \u00e0 Mios, cours de Pilates et de Yoga \u00e0 Mios, coaching pilates machine (reformer) \u00e0 Mios, centre param\u00e9dical \u00e0 Mios<\/p>\n","protected":false},"author":1,"featured_media":0,"parent":0,"menu_order":0,"comment_status":"closed","ping_status":"closed","template":"","meta":{"saved_in_kubio":false,"footnotes":""},"class_list":["post-178","page","type-page","status-publish","hentry"],"kubio_ai_page_context":{"short_desc":"","purpose":"general"},"_links":{"self":[{"href":"https:\/\/korestudio.fr\/index.php\/wp-json\/wp\/v2\/pages\/178","targetHints":{"allow":["GET"]}}],"collection":[{"href":"https:\/\/korestudio.fr\/index.php\/wp-json\/wp\/v2\/pages"}],"about":[{"href":"https:\/\/korestudio.fr\/index.php\/wp-json\/wp\/v2\/types\/page"}],"author":[{"embeddable":true,"href":"https:\/\/korestudio.fr\/index.php\/wp-json\/wp\/v2\/users\/1"}],"replies":[{"embeddable":true,"href":"https:\/\/korestudio.fr\/index.php\/wp-json\/wp\/v2\/comments?post=178"}],"version-history":[{"count":38,"href":"https:\/\/korestudio.fr\/index.php\/wp-json\/wp\/v2\/pages\/178\/revisions"}],"predecessor-version":[{"id":2484,"href":"https:\/\/korestudio.fr\/index.php\/wp-json\/wp\/v2\/pages\/178\/revisions\/2484"}],"wp:attachment":[{"href":"https:\/\/korestudio.fr\/index.php\/wp-json\/wp\/v2\/media?parent=178"}],"curies":[{"name":"wp","href":"https:\/\/api.w.org\/{rel}","templated":true}]}}