{"id":2558,"date":"2025-07-06T18:41:31","date_gmt":"2025-07-06T16:41:31","guid":{"rendered":"https:\/\/korestudio.fr\/index.php\/planning-adultes-2\/"},"modified":"2025-08-06T11:47:26","modified_gmt":"2025-08-06T09:47:26","slug":"planning-adultes-2","status":"publish","type":"page","link":"https:\/\/korestudio.fr\/index.php\/planning-adultes-2\/","title":{"rendered":"Planning ADULTES"},"content":{"rendered":"\n<h3 class=\"wp-block-heading\">R\u00e8gles concernant les cours \u00e0 KOR\u0112 STUDIO :<\/h3>\n\n\n\n<p><\/p>\n\n\n\n<p class=\"has-text-align-center\">T\u00e9l\u00e9charge l&rsquo;application Bsport pour r\u00e9server ton cours en 1 clic!<\/p>\n\n\n<script id=\"insert-bsport-widget-cdn\">!function (b, s, p, o, r, t) { !typeof window.BsportWidget !== \"undefined\" && !document.getElementById(\"bsport-widget-cdn\") && !function () { m = b.createElement(s), m.id = \"bsport-widget-cdn\", m.src = p, b.getElementsByTagName(\"head\")[0].appendChild(m) }() }(document, \"script\", \"https:\/\/cdn.bsport.io\/scripts\/widget.js\")<\/script>\n    <script id=\"bsport-widget-mount\">\n        function MountBsportWidget(config, repeat=1) {\n            if (repeat > 50) { return }\n            if (!window.BsportWidget) {\n                return setTimeout(() => {\n                    MountBsportWidget(config,repeat+1)\n                }, 100 * repeat || 1)\n            }\n            BsportWidget.mount(config)\n        }\n    <\/script>\n    <script>\n        MountBsportWidget({\n                \"parentElement\": \"bsport-widget-980734\",\n                \"companyId\": 4176,\n                \"franchiseId\": null,\n                \"dialogMode\": 1,\n                \"widgetType\": \"loginButton\", \n                \"showFab\": false,\n                \"fullScreenPopup\": false,\n                \"styles\":undefined,\n                \"config\": {\n                    \"loginButton\": {                \"openMemberProfile\": true}\n                }  \n            })\n    <\/script>\n<div id=\"bsport-widget-980734\"><\/div>\n\n\n<p class=\"has-text-align-center\"><strong>Annulation cours chez Kor\u0113:<\/strong>\u00a0Tout\u00a0cours annul\u00e9\u00a0<strong>moins de 24h avant<\/strong>\u00a0sera\u00a0<strong>d\u00e9compt\u00e9<\/strong>.<\/p>\n\n\n\n<p class=\"has-text-align-center\">Le cours sera annul\u00e9 6h avant si vous \u00eates moins de 3 participants (r\u00e9former &amp; fly) et 4 participants pour les autres cours.<\/p>\n\n\n\n<p><\/p>\n\n\n","protected":false},"excerpt":{"rendered":"<p>R\u00e8gles concernant les cours \u00e0 KOR\u0112 STUDIO : T\u00e9l\u00e9charge l&rsquo;application Bsport pour r\u00e9server ton cours en 1 clic! Annulation cours chez Kor\u0113:\u00a0Tout\u00a0cours annul\u00e9\u00a0moins de 24h avant\u00a0sera\u00a0d\u00e9compt\u00e9. Le cours sera annul\u00e9 6h avant si vous \u00eates moins de 3 participants (r\u00e9former &amp; fly) et 4 participants pour les autres cours.<\/p>\n","protected":false},"author":1,"featured_media":0,"parent":0,"menu_order":0,"comment_status":"closed","ping_status":"closed","template":"","meta":{"saved_in_kubio":true,"footnotes":""},"class_list":["post-2558","page","type-page","status-publish","hentry"],"kubio_ai_page_context":{"short_desc":"","purpose":"general"},"_links":{"self":[{"href":"https:\/\/korestudio.fr\/index.php\/wp-json\/wp\/v2\/pages\/2558","targetHints":{"allow":["GET"]}}],"collection":[{"href":"https:\/\/korestudio.fr\/index.php\/wp-json\/wp\/v2\/pages"}],"about":[{"href":"https:\/\/korestudio.fr\/index.php\/wp-json\/wp\/v2\/types\/page"}],"author":[{"embeddable":true,"href":"https:\/\/korestudio.fr\/index.php\/wp-json\/wp\/v2\/users\/1"}],"replies":[{"embeddable":true,"href":"https:\/\/korestudio.fr\/index.php\/wp-json\/wp\/v2\/comments?post=2558"}],"version-history":[{"count":9,"href":"https:\/\/korestudio.fr\/index.php\/wp-json\/wp\/v2\/pages\/2558\/revisions"}],"predecessor-version":[{"id":2857,"href":"https:\/\/korestudio.fr\/index.php\/wp-json\/wp\/v2\/pages\/2558\/revisions\/2857"}],"wp:attachment":[{"href":"https:\/\/korestudio.fr\/index.php\/wp-json\/wp\/v2\/media?parent=2558"}],"curies":[{"name":"wp","href":"https:\/\/api.w.org\/{rel}","templated":true}]}}