{"id":2721,"date":"2025-07-24T15:25:55","date_gmt":"2025-07-24T13:25:55","guid":{"rendered":"https:\/\/korestudio.fr\/?page_id=2721"},"modified":"2025-07-28T23:20:44","modified_gmt":"2025-07-28T21:20:44","slug":"pilates","status":"publish","type":"page","link":"https:\/\/korestudio.fr\/index.php\/pilates\/","title":{"rendered":"PILATES"},"content":{"rendered":"\n<p class=\"has-text-align-center\"><strong>Chez Kor\u0113 Studio, plus de&nbsp;<a href=\"https:\/\/korestudio.fr\/index.php\/planning-adultes-2\/\" data-type=\"page\" data-id=\"2558\">15 cours de pilates par semaine<\/a>&nbsp;vous attendent.<\/strong><\/p>\n\n\n\n<p class=\"has-text-align-left\">D\u00e9couvrez nos cours de Pilates tous niveaux : Pilates classique, Pilates doux, Hiit Pilates , ou Pilates fascias, ici, vous \u00eates libres de&nbsp;mixer les disciplines&nbsp;pour cr\u00e9er votre routine bien-\u00eatre sur-mesure.<\/p>\n\n\n\n<p>Tous nos cours sont accessibles avec des cartes de cours: <a href=\"https:\/\/korestudio.fr\/index.php\/tarifs-des-cours\/\" data-type=\"link\" data-id=\"https:\/\/korestudio.fr\/index.php\/tarifs-des-cours\/\" target=\"_blank\" rel=\"noreferrer noopener\">Tarifs<\/a><\/p>\n\n\n\n<p>D\u00e9couvrez notre planning et r\u00e9servez en ligne: <a href=\"https:\/\/backoffice.bsport.io\/m\/Kor%C4%93%20Studio%20\/4176\/calendar\/?isPreview=true\" target=\"_blank\" rel=\"noreferrer noopener\">Ici<\/a><\/p>\n\n\n\n<p><em>\u00ab Le Pilates d\u00e9veloppe harmonieusement le corps, corrige les mauvaises postures, r\u00e9tablit la vitalit\u00e9 physique, fortifie l\u2019esprit et remonte le moral \u00bb<br>Joseph Pilates<\/em><\/p>\n\n\n\n\n\n\n\n\n\n\n\n\n\n\n","protected":false},"excerpt":{"rendered":"<p>Chez Kor\u0113 Studio, plus de&nbsp;15 cours de pilates par semaine&nbsp;vous attendent. D\u00e9couvrez nos cours de Pilates tous niveaux : Pilates classique, Pilates doux, Hiit Pilates , ou Pilates fascias, ici, vous \u00eates libres de&nbsp;mixer les disciplines&nbsp;pour cr\u00e9er votre routine bien-\u00eatre sur-mesure. Tous nos cours sont accessibles avec des cartes de cours: Tarifs D\u00e9couvrez notre planning [&hellip;]<\/p>\n","protected":false},"author":1,"featured_media":0,"parent":0,"menu_order":0,"comment_status":"closed","ping_status":"closed","template":"","meta":{"saved_in_kubio":true,"footnotes":""},"class_list":["post-2721","page","type-page","status-publish","hentry"],"kubio_ai_page_context":{"short_desc":"","purpose":"general"},"_links":{"self":[{"href":"https:\/\/korestudio.fr\/index.php\/wp-json\/wp\/v2\/pages\/2721","targetHints":{"allow":["GET"]}}],"collection":[{"href":"https:\/\/korestudio.fr\/index.php\/wp-json\/wp\/v2\/pages"}],"about":[{"href":"https:\/\/korestudio.fr\/index.php\/wp-json\/wp\/v2\/types\/page"}],"author":[{"embeddable":true,"href":"https:\/\/korestudio.fr\/index.php\/wp-json\/wp\/v2\/users\/1"}],"replies":[{"embeddable":true,"href":"https:\/\/korestudio.fr\/index.php\/wp-json\/wp\/v2\/comments?post=2721"}],"version-history":[{"count":4,"href":"https:\/\/korestudio.fr\/index.php\/wp-json\/wp\/v2\/pages\/2721\/revisions"}],"predecessor-version":[{"id":2792,"href":"https:\/\/korestudio.fr\/index.php\/wp-json\/wp\/v2\/pages\/2721\/revisions\/2792"}],"wp:attachment":[{"href":"https:\/\/korestudio.fr\/index.php\/wp-json\/wp\/v2\/media?parent=2721"}],"curies":[{"name":"wp","href":"https:\/\/api.w.org\/{rel}","templated":true}]}}