{"id":2730,"date":"2025-07-24T15:54:27","date_gmt":"2025-07-24T13:54:27","guid":{"rendered":"https:\/\/korestudio.fr\/?page_id=2730"},"modified":"2025-07-30T22:53:35","modified_gmt":"2025-07-30T20:53:35","slug":"danse","status":"publish","type":"page","link":"https:\/\/korestudio.fr\/index.php\/danse\/","title":{"rendered":"DANSE"},"content":{"rendered":"\n<p class=\"has-text-align-left\">Notre centre propose des cours de danse classique et de danse contemporaine avec des professeurs dipl\u00f4m\u00e9es d&rsquo;\u00e9tat. <\/p>\n\n\n\n\n\n\n\n\n","protected":false},"excerpt":{"rendered":"<p>Notre centre propose des cours de danse classique et de danse contemporaine avec des professeurs dipl\u00f4m\u00e9es d&rsquo;\u00e9tat.<\/p>\n","protected":false},"author":1,"featured_media":0,"parent":0,"menu_order":0,"comment_status":"closed","ping_status":"closed","template":"","meta":{"saved_in_kubio":true,"footnotes":""},"class_list":["post-2730","page","type-page","status-publish","hentry"],"kubio_ai_page_context":{"short_desc":"","purpose":"general"},"_links":{"self":[{"href":"https:\/\/korestudio.fr\/index.php\/wp-json\/wp\/v2\/pages\/2730","targetHints":{"allow":["GET"]}}],"collection":[{"href":"https:\/\/korestudio.fr\/index.php\/wp-json\/wp\/v2\/pages"}],"about":[{"href":"https:\/\/korestudio.fr\/index.php\/wp-json\/wp\/v2\/types\/page"}],"author":[{"embeddable":true,"href":"https:\/\/korestudio.fr\/index.php\/wp-json\/wp\/v2\/users\/1"}],"replies":[{"embeddable":true,"href":"https:\/\/korestudio.fr\/index.php\/wp-json\/wp\/v2\/comments?post=2730"}],"version-history":[{"count":8,"href":"https:\/\/korestudio.fr\/index.php\/wp-json\/wp\/v2\/pages\/2730\/revisions"}],"predecessor-version":[{"id":2832,"href":"https:\/\/korestudio.fr\/index.php\/wp-json\/wp\/v2\/pages\/2730\/revisions\/2832"}],"wp:attachment":[{"href":"https:\/\/korestudio.fr\/index.php\/wp-json\/wp\/v2\/media?parent=2730"}],"curies":[{"name":"wp","href":"https:\/\/api.w.org\/{rel}","templated":true}]}}