{"id":445,"date":"2021-12-09T13:00:52","date_gmt":"2021-12-09T12:00:52","guid":{"rendered":"https:\/\/korestudio.fr\/?page_id=445"},"modified":"2025-08-24T10:39:33","modified_gmt":"2025-08-24T08:39:33","slug":"espace-sante","status":"publish","type":"page","link":"https:\/\/korestudio.fr\/index.php\/a-propos\/espace-sante\/","title":{"rendered":"L&rsquo;espace sant\u00e9"},"content":{"rendered":"\n<div style=\"height:20px\" aria-hidden=\"true\" class=\"wp-block-spacer\"><\/div>\n\n\n\n<div class=\"wp-block-group alignfull\"><div class=\"wp-block-group__inner-container is-layout-flow wp-block-group-is-layout-flow\">\n<div class=\"wp-block-jetpack-layout-grid alignfull column1-desktop-grid__span-3 column1-desktop-grid__start-2 column1-desktop-grid__row-1 column2-desktop-grid__span-6 column2-desktop-grid__start-6 column2-desktop-grid__row-1 column1-tablet-grid__span-3 column1-tablet-grid__row-1 column2-tablet-grid__span-5 column2-tablet-grid__start-4 column2-tablet-grid__row-1 column1-mobile-grid__span-4 column1-mobile-grid__row-1 column2-mobile-grid__span-4 column2-mobile-grid__row-2\">\n<div class=\"wp-block-jetpack-layout-grid-column wp-block-jetpack-layout-grid__padding-none\">\n<figure class=\"wp-block-image size-large is-style-circle-mask\"><img loading=\"lazy\" decoding=\"async\" width=\"1880\" height=\"1253\" src=\"https:\/\/korestudiofr.files.wordpress.com\/2021\/12\/pexels-photo-6031340.jpeg?w=1024\" alt=\"\" class=\"wp-image-454\" srcset=\"https:\/\/korestudio.fr\/wp-content\/uploads\/2021\/12\/pexels-photo-6031340.jpeg 1880w, https:\/\/korestudio.fr\/wp-content\/uploads\/2021\/12\/pexels-photo-6031340-300x200.jpeg 300w, https:\/\/korestudio.fr\/wp-content\/uploads\/2021\/12\/pexels-photo-6031340-1024x682.jpeg 1024w, https:\/\/korestudio.fr\/wp-content\/uploads\/2021\/12\/pexels-photo-6031340-768x512.jpeg 768w, https:\/\/korestudio.fr\/wp-content\/uploads\/2021\/12\/pexels-photo-6031340-1536x1024.jpeg 1536w\" sizes=\"(max-width: 1880px) 100vw, 1880px\" \/><\/figure>\n<\/div>\n\n\n\n<div class=\"wp-block-jetpack-layout-grid-column wp-block-jetpack-layout-grid__padding-none\">\n<h2 class=\"wp-block-heading\" id=\"kore-studio-vous-accueille-a-l-espace-sante\">Kor\u0113 Studio vous accueille \u00e0 l&rsquo;espace sant\u00e9 param\u00e9dical.<\/h2>\n\n\n\n<p class=\"has-text-align-justify\">Comprenant 2 cabinets am\u00e9nag\u00e9s au sein du centre, accessibles ind\u00e9pendamment, l&rsquo;espace param\u00e9dical de Kor\u0113 Studio \u00e0 Mios vous accueille sur rendez-vous. R\u00e9servez directement sur Doctolib \/ Docorga ou par t\u00e9l\u00e9phone aupr\u00e8s des professionnelles de sant\u00e9.<\/p>\n<\/div>\n<\/div>\n\n\n\n<p><\/p>\n<\/div><\/div>\n\n\n\n<div class=\"wp-block-group alignwide is-style-default\" style=\"padding-top:0px;padding-right:0px;padding-bottom:0px;padding-left:0px\"><div class=\"wp-block-group__inner-container is-layout-flow wp-block-group-is-layout-flow\">\n<div class=\"wp-block-columns alignwide is-layout-flex wp-container-core-columns-is-layout-28f84493 wp-block-columns-is-layout-flex\">\n<div class=\"wp-block-column is-layout-flow wp-block-column-is-layout-flow\" style=\"flex-basis:33.33%\">\n<h2 class=\"wp-block-heading has-huge-font-size\" id=\"nos-cours\" style=\"line-height:1.2\">Cabinet d&rsquo;ost\u00e9opathie<\/h2>\n\n\n\n<p>Prise de rendez-vous par t\u00e9l\u00e9phone au 0669109708 ou sur <a rel=\"noreferrer noopener\" href=\"https:\/\/www.doctolib.fr\/osteopathe\/merignac\/claire-arnoult?pid=practice-232700\" target=\"_blank\">Doctolib<\/a>.<\/p>\n\n\n\n<p class=\"has-text-align-justify\" style=\"font-size:18px\">Les&nbsp;ost\u00e9opathes&nbsp;apr\u00e8s avoir observ\u00e9 votre posture, utilisent une palpation fine afin de d\u00e9celer les tensions ou les d\u00e9s\u00e9quilibres qui causent des douleurs ou des malaises, puis font des manipulations afin de r\u00e9tablir l&rsquo;\u00e9quilibre.<\/p>\n<\/div>\n\n\n\n<div class=\"wp-block-column is-layout-flow wp-block-column-is-layout-flow\" style=\"flex-basis:66.66%\"><div class=\"wp-block-image\">\n<figure class=\"aligncenter size-full\"><img loading=\"lazy\" decoding=\"async\" width=\"1880\" height=\"1253\" src=\"https:\/\/korestudiofr.files.wordpress.com\/2021\/12\/pexels-photo-4506109.jpeg\" alt=\"\" class=\"wp-image-448\" srcset=\"https:\/\/korestudio.fr\/wp-content\/uploads\/2021\/12\/pexels-photo-4506109.jpeg 1880w, https:\/\/korestudio.fr\/wp-content\/uploads\/2021\/12\/pexels-photo-4506109-300x200.jpeg 300w, https:\/\/korestudio.fr\/wp-content\/uploads\/2021\/12\/pexels-photo-4506109-1024x682.jpeg 1024w, https:\/\/korestudio.fr\/wp-content\/uploads\/2021\/12\/pexels-photo-4506109-768x512.jpeg 768w, https:\/\/korestudio.fr\/wp-content\/uploads\/2021\/12\/pexels-photo-4506109-1536x1024.jpeg 1536w\" sizes=\"(max-width: 1880px) 100vw, 1880px\" \/><\/figure><\/div><\/div>\n<\/div>\n\n\n\n<hr class=\"wp-block-separator has-alpha-channel-opacity\"\/>\n\n\n\n<div class=\"wp-block-columns alignwide is-layout-flex wp-container-core-columns-is-layout-28f84493 wp-block-columns-is-layout-flex\">\n<div class=\"wp-block-column is-layout-flow wp-block-column-is-layout-flow\" style=\"flex-basis:33.33%\">\n<h2 class=\"wp-block-heading has-huge-font-size\" id=\"nos-cours\" style=\"line-height:1.2\">Cabinet de Kin\u00e9siologie<\/h2>\n\n\n\n<p class=\"has-text-align-justify\" style=\"font-size:18px\">Prise de rendez-vous au 06.24.43.90.33 ou sur le site:<\/p>\n\n\n\n<p><a rel=\"noreferrer noopener\" href=\"http:\/\/www.anais-morraglia-kinesiologue.fr\/\" target=\"_blank\">www.anais-morraglia-kinesiologue.fr<\/a><\/p>\n\n\n\n<p>La kin\u00e9siologie, ou science du mouvement,&nbsp;<strong>est une pratique non conventionnelle qui permet de d\u00e9crypter la m\u00e9moire \u00e9motionnelle du corps gr\u00e2ce au toucher<\/strong>. C&rsquo; est une technique de&nbsp;r\u00e9\u00e9quilibrage&nbsp;psycho-corporelle. Elle s\u2019attache au&nbsp;bien-\u00eatre&nbsp;global de la personne en tenant compte des aspects&nbsp;physique, \u00e9motionnel et mental. Sa principale caract\u00e9ristique est l\u2019utilisation du test musculaire pour conna\u00eetre le fonctionnement de la personne, d\u00e9tecter et lever ses d\u00e9s\u00e9quilibres et \u00e9veiller son potentiel.<\/p>\n<\/div>\n\n\n\n<div class=\"wp-block-column is-layout-flow wp-block-column-is-layout-flow\" style=\"flex-basis:66.66%\"><div class=\"wp-block-image\">\n<figure class=\"aligncenter size-full\"><img loading=\"lazy\" decoding=\"async\" width=\"1880\" height=\"1255\" src=\"https:\/\/korestudiofr.files.wordpress.com\/2021\/12\/pexels-photo-347135.jpeg\" alt=\"\" class=\"wp-image-501\"\/><\/figure><\/div><\/div>\n<\/div>\n<\/div><\/div>\n\n\n\n<p><\/p>\n\n\n","protected":false},"excerpt":{"rendered":"<p>Kor\u0113 Studio vous accueille \u00e0 l&rsquo;espace sant\u00e9 param\u00e9dical. Comprenant 2 cabinets am\u00e9nag\u00e9s au sein du centre, accessibles ind\u00e9pendamment, l&rsquo;espace param\u00e9dical de Kor\u0113 Studio \u00e0 Mios vous accueille sur rendez-vous. R\u00e9servez directement sur Doctolib \/ Docorga ou par t\u00e9l\u00e9phone aupr\u00e8s des professionnelles de sant\u00e9. Cabinet d&rsquo;ost\u00e9opathie Prise de rendez-vous par t\u00e9l\u00e9phone au 0669109708 ou sur Doctolib. [&hellip;]<\/p>\n","protected":false},"author":1,"featured_media":0,"parent":9,"menu_order":0,"comment_status":"closed","ping_status":"closed","template":"","meta":{"saved_in_kubio":true,"footnotes":""},"class_list":["post-445","page","type-page","status-publish","hentry"],"kubio_ai_page_context":{"short_desc":"","purpose":"general"},"_links":{"self":[{"href":"https:\/\/korestudio.fr\/index.php\/wp-json\/wp\/v2\/pages\/445","targetHints":{"allow":["GET"]}}],"collection":[{"href":"https:\/\/korestudio.fr\/index.php\/wp-json\/wp\/v2\/pages"}],"about":[{"href":"https:\/\/korestudio.fr\/index.php\/wp-json\/wp\/v2\/types\/page"}],"author":[{"embeddable":true,"href":"https:\/\/korestudio.fr\/index.php\/wp-json\/wp\/v2\/users\/1"}],"replies":[{"embeddable":true,"href":"https:\/\/korestudio.fr\/index.php\/wp-json\/wp\/v2\/comments?post=445"}],"version-history":[{"count":3,"href":"https:\/\/korestudio.fr\/index.php\/wp-json\/wp\/v2\/pages\/445\/revisions"}],"predecessor-version":[{"id":2929,"href":"https:\/\/korestudio.fr\/index.php\/wp-json\/wp\/v2\/pages\/445\/revisions\/2929"}],"up":[{"embeddable":true,"href":"https:\/\/korestudio.fr\/index.php\/wp-json\/wp\/v2\/pages\/9"}],"wp:attachment":[{"href":"https:\/\/korestudio.fr\/index.php\/wp-json\/wp\/v2\/media?parent=445"}],"curies":[{"name":"wp","href":"https:\/\/api.w.org\/{rel}","templated":true}]}}