{"id":601,"date":"2022-04-06T13:22:01","date_gmt":"2022-04-06T11:22:01","guid":{"rendered":"https:\/\/korestudio.fr\/?page_id=582"},"modified":"2026-03-10T10:56:31","modified_gmt":"2026-03-10T09:56:31","slug":"voyage-pilates-bali","status":"publish","type":"page","link":"https:\/\/korestudio.fr\/index.php\/voyage-pilates-bali\/","title":{"rendered":"VOYAGE RETRAITE PILATES A BALI 18-26 OCTOBRE 2026"},"content":{"rendered":"\n<div class=\"wp-block-group alignfull\"><div class=\"wp-block-group__inner-container is-layout-flow wp-block-group-is-layout-flow\">\n<div class=\"wp-block-jetpack-layout-grid alignfull column1-desktop-grid__span-12 column1-desktop-grid__row-1 column1-tablet-grid__span-8 column1-tablet-grid__row-1 column1-mobile-grid__span-4 column1-mobile-grid__row-1\">\n<div class=\"wp-block-jetpack-layout-grid-column wp-block-jetpack-layout-grid__padding-none\">\n<p class=\"has-text-align-center has-foreground-color has-tertiary-background-color has-text-color has-background\"><strong>R\u00e9servez votre place aujourd&rsquo;hui pour une semaine exceptionnelle places limit\u00e9es<\/strong>. <\/p>\n\n\n\n<p class=\"has-kubio-color-1-color has-text-color has-link-color wp-elements-c95c15b14b551d7a2102769e483633a6\"><strong>IL RESTE 1 PLACE DE DISPONIBLE !!!!!<\/strong><\/p>\n\n\n\n<p class=\"has-text-align-center has-foreground-color has-tertiary-background-color has-text-color has-background\"><strong>1095\u20ac <\/strong>9 jours\/8 nuits tout inclus (hors vol)<\/p>\n\n\n\n<p><\/p>\n\n\n\n<p><\/p>\n\n\n\n<p><\/p>\n\n\n\n<div class=\"wp-block-jetpack-send-a-message\">\n<div class=\"wp-block-jetpack-whatsapp-button aligncenter is-color-dark\"><a class=\"whatsapp-block__button\" href=\"https:\/\/api.whatsapp.com\/send?phone=33757127363&amp;text=Bonjour%2C%20je%20suis%20int%C3%A9ress%C3%A9e%20par%20le%20week-end%20bien-%C3%AAtre%20dans%20les%20Landes.%20Puis-je%20avoir%20plus%20d'informations%3F\" style=\"background-color:#25D366;color:#fff\" target=\"_self\" rel=\"noopener noreferrer\">Contact direct WhatsApp<\/a><\/div>\n<\/div>\n<\/div>\n<\/div>\n\n\n\n<hr class=\"wp-block-separator has-css-opacity\"\/>\n\n\n\n<figure class=\"wp-block-image size-large\"><img loading=\"lazy\" decoding=\"async\" width=\"724\" height=\"1024\" src=\"https:\/\/korestudio.fr\/wp-content\/uploads\/2026\/02\/Affiche-Retraite-de-Yoga-Simple-Photo-Marron-Beige-2-724x1024.jpg\" alt=\"\" class=\"wp-image-3502\" srcset=\"https:\/\/korestudio.fr\/wp-content\/uploads\/2026\/02\/Affiche-Retraite-de-Yoga-Simple-Photo-Marron-Beige-2-724x1024.jpg 724w, https:\/\/korestudio.fr\/wp-content\/uploads\/2026\/02\/Affiche-Retraite-de-Yoga-Simple-Photo-Marron-Beige-2-212x300.jpg 212w, https:\/\/korestudio.fr\/wp-content\/uploads\/2026\/02\/Affiche-Retraite-de-Yoga-Simple-Photo-Marron-Beige-2-768x1086.jpg 768w, https:\/\/korestudio.fr\/wp-content\/uploads\/2026\/02\/Affiche-Retraite-de-Yoga-Simple-Photo-Marron-Beige-2-1086x1536.jpg 1086w, https:\/\/korestudio.fr\/wp-content\/uploads\/2026\/02\/Affiche-Retraite-de-Yoga-Simple-Photo-Marron-Beige-2-764x1080.jpg 764w, https:\/\/korestudio.fr\/wp-content\/uploads\/2026\/02\/Affiche-Retraite-de-Yoga-Simple-Photo-Marron-Beige-2.jpg 1414w\" sizes=\"(max-width: 724px) 100vw, 724px\" \/><\/figure>\n<\/div><\/div>\n\n\n\n<figure class=\"wp-block-table\"><table><tbody><tr><td>Le voyage dont vous r\u00eavez&#8230; Il arrive enfin !<br>Nous vous emmenons \u00e0 Bali pour une retraite Pilates inoubliable, entre temples, rizi\u00e8res en terrasses, \u00e9nergie balinaise et bien-\u00eatre absolu.<\/td><\/tr><\/tbody><\/table><\/figure>\n\n\n\n<figure class=\"wp-block-image size-large\"><img loading=\"lazy\" decoding=\"async\" width=\"1024\" height=\"768\" src=\"https:\/\/korestudio.fr\/wp-content\/uploads\/2024\/12\/IMG_0445-2-1024x768.jpg\" alt=\"\" class=\"wp-image-1859\" srcset=\"https:\/\/korestudio.fr\/wp-content\/uploads\/2024\/12\/IMG_0445-2-1024x768.jpg 1024w, https:\/\/korestudio.fr\/wp-content\/uploads\/2024\/12\/IMG_0445-2-300x225.jpg 300w, https:\/\/korestudio.fr\/wp-content\/uploads\/2024\/12\/IMG_0445-2-768x576.jpg 768w, https:\/\/korestudio.fr\/wp-content\/uploads\/2024\/12\/IMG_0445-2-1536x1152.jpg 1536w, https:\/\/korestudio.fr\/wp-content\/uploads\/2024\/12\/IMG_0445-2-2048x1536.jpg 2048w, https:\/\/korestudio.fr\/wp-content\/uploads\/2024\/12\/IMG_0445-2-1568x1176.jpg 1568w\" sizes=\"(max-width: 1024px) 100vw, 1024px\" \/><\/figure>\n\n\n\n<p>\ud83d\udccd 3 jours \u00e0 Ubud &#8211; Le c\u0153ur spirituel et culturel de Bali \ud83d\udccd 5 jours \u00e0 Sidemen &#8211; Village authentique entour\u00e9 de rizi\u00e8res et montagnes<\/p>\n\n\n\n<h1 class=\"wp-block-heading\">Parce que parfois, il est essentiel de&nbsp;<strong>faire une pause<\/strong>, de s\u2019\u00e9loigner du rythme quotidien pour mieux se retrouver.<br>Si vous ressentez le besoin de&nbsp;<strong>vous recentrer<\/strong>, de&nbsp;<strong>reprendre contact avec votre corps<\/strong>, vos sensations, vos envies profondes\u2026<br>Si vous avez envie de vous rappeler que&nbsp;<strong>VOUS \u00eates important\u00b7e<\/strong>,<br>Alors cette retraite est&nbsp;<strong>faite pour vous<\/strong>.<\/h1>\n\n\n\n<h1 class=\"wp-block-heading\">Un temps suspendu pour&nbsp;<strong>vous reconnecter \u00e0 l\u2019essentiel<\/strong>, en douceur, dans un cadre naturel inspirant, entour\u00e9 de bienveillance et de mouvement.<\/h1>\n\n\n\n<figure class=\"wp-block-image size-large\"><img loading=\"lazy\" decoding=\"async\" width=\"1024\" height=\"768\" src=\"https:\/\/korestudio.fr\/wp-content\/uploads\/2026\/01\/IMG_0537-1024x768.jpg\" alt=\"\" class=\"wp-image-3285\" srcset=\"https:\/\/korestudio.fr\/wp-content\/uploads\/2026\/01\/IMG_0537-1024x768.jpg 1024w, https:\/\/korestudio.fr\/wp-content\/uploads\/2026\/01\/IMG_0537-300x225.jpg 300w, https:\/\/korestudio.fr\/wp-content\/uploads\/2026\/01\/IMG_0537-768x576.jpg 768w, https:\/\/korestudio.fr\/wp-content\/uploads\/2026\/01\/IMG_0537-1536x1152.jpg 1536w, https:\/\/korestudio.fr\/wp-content\/uploads\/2026\/01\/IMG_0537-2048x1536.jpg 2048w, https:\/\/korestudio.fr\/wp-content\/uploads\/2026\/01\/IMG_0537-1440x1080.jpg 1440w\" sizes=\"(max-width: 1024px) 100vw, 1024px\" \/><\/figure>\n\n\n\n<h1 class=\"wp-block-heading\">Un lieu unique pour une pratique inoubliable<\/h1>\n\n\n\n<figure class=\"wp-block-image size-full\"><img loading=\"lazy\" decoding=\"async\" width=\"2560\" height=\"1920\" src=\"https:\/\/korestudio.fr\/wp-content\/uploads\/2026\/01\/IMG_0365-scaled.jpg\" alt=\"\" class=\"wp-image-3282\" srcset=\"https:\/\/korestudio.fr\/wp-content\/uploads\/2026\/01\/IMG_0365-scaled.jpg 2560w, https:\/\/korestudio.fr\/wp-content\/uploads\/2026\/01\/IMG_0365-300x225.jpg 300w, https:\/\/korestudio.fr\/wp-content\/uploads\/2026\/01\/IMG_0365-1024x768.jpg 1024w, https:\/\/korestudio.fr\/wp-content\/uploads\/2026\/01\/IMG_0365-768x576.jpg 768w, https:\/\/korestudio.fr\/wp-content\/uploads\/2026\/01\/IMG_0365-1536x1152.jpg 1536w, https:\/\/korestudio.fr\/wp-content\/uploads\/2026\/01\/IMG_0365-2048x1536.jpg 2048w, https:\/\/korestudio.fr\/wp-content\/uploads\/2026\/01\/IMG_0365-1440x1080.jpg 1440w\" sizes=\"(max-width: 2560px) 100vw, 2560px\" \/><\/figure>\n\n\n\n<h1 class=\"wp-block-heading\">CE QUI EST INCLUS<\/h1>\n\n\n\n<p>\ud83e\uddd8 3 cours de Pilates Reformer (en anglais) <\/p>\n\n\n\n<p>\ud83d\udcaa 10h de Pilates au sol (Mat, Fascias, Stretch&#8230;) <\/p>\n\n\n\n<p>\ud83c\udfe8 H\u00f4tels de standing \u00e0 Ubud et Sidemen: 8 nuits du 18 au 26 octobre 2026 <\/p>\n\n\n\n<p> \ud83c\udf7d\ufe0f Demi-pension : petits-d\u00e9jeuners et d\u00eeners inclus (du 19 au matin au 26 au matin, soit 8 petits d\u00e9jeuners et 7 diners) <\/p>\n\n\n\n<p>\ud83d\ude97 Transferts Ubud \u279c Sidemen \u279c A\u00e9roport inclus <\/p>\n\n\n\n<p>\ud83d\udc86\u200d\u2640\ufe0f 1 massage balinais inclus <\/p>\n\n\n\n<p>\ud83c\udf0f Visites culturelles et temps libre pour explorer l&rsquo;\u00eele<\/p>\n\n\n\n<figure class=\"wp-block-image size-large\"><img loading=\"lazy\" decoding=\"async\" width=\"768\" height=\"1024\" src=\"https:\/\/korestudio.fr\/wp-content\/uploads\/2026\/01\/IMG_0384-2-768x1024.jpg\" alt=\"\" class=\"wp-image-3283\" srcset=\"https:\/\/korestudio.fr\/wp-content\/uploads\/2026\/01\/IMG_0384-2-768x1024.jpg 768w, https:\/\/korestudio.fr\/wp-content\/uploads\/2026\/01\/IMG_0384-2-225x300.jpg 225w, https:\/\/korestudio.fr\/wp-content\/uploads\/2026\/01\/IMG_0384-2-1152x1536.jpg 1152w, https:\/\/korestudio.fr\/wp-content\/uploads\/2026\/01\/IMG_0384-2-1536x2048.jpg 1536w, https:\/\/korestudio.fr\/wp-content\/uploads\/2026\/01\/IMG_0384-2-810x1080.jpg 810w, https:\/\/korestudio.fr\/wp-content\/uploads\/2026\/01\/IMG_0384-2-scaled.jpg 1920w\" sizes=\"(max-width: 768px) 100vw, 768px\" \/><\/figure>\n\n\n\n\n\n<figure class=\"wp-block-image size-large\"><img loading=\"lazy\" decoding=\"async\" width=\"768\" height=\"1024\" src=\"https:\/\/korestudio.fr\/wp-content\/uploads\/2026\/01\/IMG_0251-2-1-768x1024.jpg\" alt=\"\" class=\"wp-image-3288\" srcset=\"https:\/\/korestudio.fr\/wp-content\/uploads\/2026\/01\/IMG_0251-2-1-768x1024.jpg 768w, https:\/\/korestudio.fr\/wp-content\/uploads\/2026\/01\/IMG_0251-2-1-225x300.jpg 225w, https:\/\/korestudio.fr\/wp-content\/uploads\/2026\/01\/IMG_0251-2-1-1152x1536.jpg 1152w, https:\/\/korestudio.fr\/wp-content\/uploads\/2026\/01\/IMG_0251-2-1-1536x2048.jpg 1536w, https:\/\/korestudio.fr\/wp-content\/uploads\/2026\/01\/IMG_0251-2-1-810x1080.jpg 810w, https:\/\/korestudio.fr\/wp-content\/uploads\/2026\/01\/IMG_0251-2-1-scaled.jpg 1920w\" sizes=\"(max-width: 768px) 100vw, 768px\" \/><\/figure>\n\n\n\n\n\n<ul class=\"wp-block-list\">\n<li>les vols internationaux jusqu&rsquo;\u00e0 Bali     <\/li>\n\n\n\n<li>le visa d&rsquo;entr\u00e9e<\/li>\n\n\n\n<li>le transfert a\u00e9roport\/Ubud \u00e0 l&rsquo;arriv\u00e9e<\/li>\n\n\n\n<li>les d\u00e9penses personnelles<\/li>\n<\/ul>\n\n\n\n<p><\/p>\n\n\n\n<figure class=\"wp-block-image size-large is-resized\"><img loading=\"lazy\" decoding=\"async\" width=\"768\" height=\"1024\" src=\"https:\/\/korestudio.fr\/wp-content\/uploads\/2026\/01\/IMG_0233-1-768x1024.jpg\" alt=\"\" class=\"wp-image-3289\" style=\"width:960px;height:auto\" srcset=\"https:\/\/korestudio.fr\/wp-content\/uploads\/2026\/01\/IMG_0233-1-768x1024.jpg 768w, https:\/\/korestudio.fr\/wp-content\/uploads\/2026\/01\/IMG_0233-1-225x300.jpg 225w, https:\/\/korestudio.fr\/wp-content\/uploads\/2026\/01\/IMG_0233-1-1152x1536.jpg 1152w, https:\/\/korestudio.fr\/wp-content\/uploads\/2026\/01\/IMG_0233-1-1536x2048.jpg 1536w, https:\/\/korestudio.fr\/wp-content\/uploads\/2026\/01\/IMG_0233-1-810x1080.jpg 810w, https:\/\/korestudio.fr\/wp-content\/uploads\/2026\/01\/IMG_0233-1-scaled.jpg 1920w\" sizes=\"(max-width: 768px) 100vw, 768px\" \/><\/figure>\n","protected":false},"excerpt":{"rendered":"<p>R\u00e9servez votre place aujourd&rsquo;hui pour une semaine exceptionnelle places limit\u00e9es. IL RESTE 1 PLACE DE DISPONIBLE !!!!! 1095\u20ac 9 jours\/8 nuits tout inclus (hors vol) Le voyage dont vous r\u00eavez&#8230; Il arrive enfin !Nous vous emmenons \u00e0 Bali pour une retraite Pilates inoubliable, entre temples, rizi\u00e8res en terrasses, \u00e9nergie balinaise et bien-\u00eatre absolu. \ud83d\udccd 3 [&hellip;]<\/p>\n","protected":false},"author":1,"featured_media":0,"parent":0,"menu_order":0,"comment_status":"closed","ping_status":"closed","template":"","meta":{"saved_in_kubio":true,"footnotes":""},"class_list":["post-601","page","type-page","status-publish","hentry"],"kubio_ai_page_context":{"short_desc":"","purpose":"general"},"_links":{"self":[{"href":"https:\/\/korestudio.fr\/index.php\/wp-json\/wp\/v2\/pages\/601","targetHints":{"allow":["GET"]}}],"collection":[{"href":"https:\/\/korestudio.fr\/index.php\/wp-json\/wp\/v2\/pages"}],"about":[{"href":"https:\/\/korestudio.fr\/index.php\/wp-json\/wp\/v2\/types\/page"}],"author":[{"embeddable":true,"href":"https:\/\/korestudio.fr\/index.php\/wp-json\/wp\/v2\/users\/1"}],"replies":[{"embeddable":true,"href":"https:\/\/korestudio.fr\/index.php\/wp-json\/wp\/v2\/comments?post=601"}],"version-history":[{"count":18,"href":"https:\/\/korestudio.fr\/index.php\/wp-json\/wp\/v2\/pages\/601\/revisions"}],"predecessor-version":[{"id":3525,"href":"https:\/\/korestudio.fr\/index.php\/wp-json\/wp\/v2\/pages\/601\/revisions\/3525"}],"wp:attachment":[{"href":"https:\/\/korestudio.fr\/index.php\/wp-json\/wp\/v2\/media?parent=601"}],"curies":[{"name":"wp","href":"https:\/\/api.w.org\/{rel}","templated":true}]}}