{"id":856,"date":"2023-04-12T22:33:28","date_gmt":"2023-04-12T20:33:28","guid":{"rendered":"https:\/\/korestudio.fr\/?page_id=856"},"modified":"2023-04-12T22:33:28","modified_gmt":"2023-04-12T20:33:28","slug":"formation-boost","status":"publish","type":"page","link":"https:\/\/korestudio.fr\/index.php\/formation-boost\/","title":{"rendered":"Formation \u00ab\u00a0Boostez votre pr\u00e9sence sur internet: Strat\u00e9gies de visibilit\u00e9 et R\u00e9ferencement Web\u00a0\u00bb"},"content":{"rendered":"\n<div class=\"wp-block-group alignfull\"><div class=\"wp-block-group__inner-container is-layout-flow wp-block-group-is-layout-flow\">\n<div class=\"wp-block-jetpack-layout-grid alignfull column1-desktop-grid__span-12 column1-desktop-grid__row-1 column1-tablet-grid__span-8 column1-tablet-grid__row-1 column1-mobile-grid__span-4 column1-mobile-grid__row-1\">\n<div class=\"wp-block-jetpack-layout-grid-column wp-block-jetpack-layout-grid__padding-none\"><div class=\"wp-block-image\">\n<figure class=\"aligncenter is-resized\"><img loading=\"lazy\" decoding=\"async\" src=\"https:\/\/korestudiofr.files.wordpress.com\/2023\/04\/jetpack_ai_image.png\" alt=\"an icon of a computer with stars\" width=\"256\" height=\"256\" \/><\/figure><\/div><\/div>\n<\/div>\n\n\n\n<hr class=\"wp-block-separator has-css-opacity\" \/>\n<\/div><\/div>\n\n\n\n<div class=\"wp-block-group alignfull\"><div class=\"wp-block-group__inner-container is-layout-flow wp-block-group-is-layout-flow\">\n<div class=\"wp-block-jetpack-layout-grid column1-desktop-grid__span-12 column1-desktop-grid__row-1 column1-tablet-grid__span-8 column1-tablet-grid__row-1 column1-mobile-grid__span-4 column1-mobile-grid__row-1\">\n<div class=\"wp-block-jetpack-layout-grid-column wp-block-jetpack-layout-grid__padding-none\">\n<p class=\"has-text-align-center\" style=\"font-size:36px\"><strong>vous souhaitez attirer davantage de clients gr\u00e2ce \u00e0 internet ? Ne cherchez plus, notre formation \u00ab\u00a0Boostez votre Pr\u00e9sence en Ligne\u00a0\u00bb est faite pour vous !<\/strong><\/p>\n<\/div>\n<\/div>\n\n\n\n<div style=\"height:5px\" aria-hidden=\"true\" class=\"wp-block-spacer\"><\/div>\n\n\n\n<p>Votre formateur : Nicolas Fontaine, chef d&rsquo;entreprise et formateur professionnel.<\/p>\n\n\n\n<p>Voici quelques-uns des avantages que vous retirerez de cette formation :<\/p>\n\n\n\n<ol class=\"wp-block-list\">\n<li><strong>Expertise<\/strong> : Votre formateur est un professionnel du webmarketing et du r\u00e9f\u00e9rencement, qui ma\u00eetrise parfaitement les enjeux sp\u00e9cifiques aux ind\u00e9pendants et entrepreneurs. Il vous fournira des conseils personnalis\u00e9s et adapt\u00e9s \u00e0 votre secteur d&rsquo;activit\u00e9.<\/li>\n\n\n\n<li><strong>M\u00e9thodes efficaces<\/strong> : La formation couvre toutes les \u00e9tapes pour optimiser votre pr\u00e9sence en ligne, depuis la cr\u00e9ation d&rsquo;un site web attrayant et fonctionnel jusqu&rsquo;au r\u00e9f\u00e9rencement naturel (SEO) et payant (SEA). Vous apprendrez \u00e9galement \u00e0 utiliser les r\u00e9seaux sociaux et les annuaires professionnels pour accro\u00eetre votre visibilit\u00e9.<\/li>\n\n\n\n<li><strong>R\u00e9sultats rapides<\/strong> : Gr\u00e2ce aux techniques enseign\u00e9es, vous constaterez rapidement une augmentation significative du trafic sur votre site et une am\u00e9lioration de votre positionnement dans les moteurs de recherche. Cela se traduira par un afflux de nouveaux clients et une croissance de votre chiffre d&rsquo;affaires.<\/li>\n\n\n\n<li><strong>Accompagnement personnalis\u00e9<\/strong> : \u00c0 l&rsquo;issue de votre formation, vous pouvez b\u00e9n\u00e9ficier d&rsquo;un suivi r\u00e9gulier et personnalis\u00e9. <\/li>\n\n\n\n<li><strong>Adaptabilit\u00e9<\/strong> : Que vous soyez d\u00e9butant ou plus exp\u00e9riment\u00e9, on s&rsquo;adapte pour r\u00e9pondre \u00e0 vos attentes et vous aider \u00e0 atteindre vos objectifs.<\/li>\n<\/ol>\n\n\n\n<p><strong>N&rsquo;attendez plus, rejoignez d\u00e8s maintenant notre formation \u00ab\u00a0Boostez votre Pr\u00e9sence en Ligne\u00a0\u00bb et propulsez votre activit\u00e9 au sommet !<\/strong><\/p>\n\n\n\n<h3 class=\"wp-block-heading has-text-align-center\" id=\"995-tout-compris-personne-base-chambre-double\"><strong><em>89\u20ac <\/em><\/strong>&#8211; <strong>2h30 de formation en petit groupe<\/strong><\/h3>\n\n\n\n<p>Pour nous contacter et vous inscrire : <\/p>\n\n\n\n<p>06.01.54.72.17 &#8211; contact@korestudio.fr<\/p>\n\n\n<div class=\"wp-block-jetpack-contact-form\"><a href=\"https:\/\/korestudio.fr\/index.php\/formation-boost\/\" target=\"_blank\" rel=\"noopener noreferrer\">Soumettre un formulaire.<\/a><\/div>\n\n\n<hr class=\"wp-block-separator has-css-opacity\" \/>\n\n\n\n<hr class=\"wp-block-separator has-css-opacity\" \/>\n<\/div><\/div>\n\n\n\n<div class=\"wp-block-group alignfull\"><div class=\"wp-block-group__inner-container is-layout-flow wp-block-group-is-layout-flow\">\n<div class=\"wp-block-jetpack-layout-grid alignfull column1-desktop-grid__span-9 column1-desktop-grid__start-4 column1-desktop-grid__row-1 column1-tablet-grid__span-8 column1-tablet-grid__row-1 column1-mobile-grid__span-4 column1-mobile-grid__row-1\">\n<div class=\"wp-block-jetpack-layout-grid-column wp-block-jetpack-layout-grid__padding-none\"><\/div>\n<\/div>\n\n\n\n<div style=\"height:5px\" aria-hidden=\"true\" class=\"wp-block-spacer\"><\/div>\n<\/div><\/div>\n\n\n\n<div class=\"wp-block-group alignfull\"><div class=\"wp-block-group__inner-container is-layout-flow wp-block-group-is-layout-flow\">\n<div class=\"wp-block-jetpack-layout-grid alignfull column1-desktop-grid__span-9 column1-desktop-grid__start-4 column1-desktop-grid__row-1 column1-tablet-grid__span-8 column1-tablet-grid__row-1 column1-mobile-grid__span-4 column1-mobile-grid__row-1\">\n<div class=\"wp-block-jetpack-layout-grid-column wp-block-jetpack-layout-grid__padding-none\"><\/div>\n<\/div>\n\n\n\n<div style=\"height:5px\" aria-hidden=\"true\" class=\"wp-block-spacer\"><\/div>\n<\/div><\/div>\n\n\n\n<div class=\"wp-block-group alignfull\"><div class=\"wp-block-group__inner-container is-layout-flow wp-block-group-is-layout-flow\">\n<div class=\"wp-block-jetpack-layout-grid alignfull column1-desktop-grid__span-9 column1-desktop-grid__start-4 column1-desktop-grid__row-1 column1-tablet-grid__span-8 column1-tablet-grid__row-1 column1-mobile-grid__span-4 column1-mobile-grid__row-1\">\n<div class=\"wp-block-jetpack-layout-grid-column wp-block-jetpack-layout-grid__padding-none\">\n<div style=\"height:20px\" aria-hidden=\"true\" class=\"wp-block-spacer\"><\/div>\n<\/div>\n<\/div>\n\n\n\n<div style=\"height:96px\" aria-hidden=\"true\" class=\"wp-block-spacer\"><\/div>\n<\/div><\/div>\n\n\n\n<div class=\"wp-block-group alignfull has-background-light-background-color has-background\"><div class=\"wp-block-group__inner-container is-layout-flow wp-block-group-is-layout-flow\">\n<div style=\"height:32px\" aria-hidden=\"true\" class=\"wp-block-spacer\"><\/div>\n\n\n\n<div class=\"wp-block-jetpack-layout-grid alignfull column1-desktop-grid__span-4 column1-desktop-grid__start-4 column1-desktop-grid__row-1 column2-desktop-grid__span-4 column2-desktop-grid__start-9 column2-desktop-grid__row-1 column1-tablet-grid__span-4 column1-tablet-grid__row-1 column2-tablet-grid__span-4 column2-tablet-grid__start-5 column2-tablet-grid__row-1 column1-mobile-grid__span-4 column1-mobile-grid__row-1 column2-mobile-grid__span-4 column2-mobile-grid__row-2\">\n<div class=\"wp-block-jetpack-layout-grid-column wp-block-jetpack-layout-grid__padding-none\">\n<p><\/p>\n\n\n\n<p><\/p>\n<\/div>\n\n\n\n<div class=\"wp-block-jetpack-layout-grid-column wp-block-jetpack-layout-grid__padding-none\">\n<p><\/p>\n\n\n\n<p><\/p>\n<\/div>\n<\/div>\n\n\n\n<div style=\"height:32px\" aria-hidden=\"true\" class=\"wp-block-spacer\"><\/div>\n<\/div><\/div>\n","protected":false},"excerpt":{"rendered":"<p>vous souhaitez attirer davantage de clients gr\u00e2ce \u00e0 internet ? Ne cherchez plus, notre formation \u00ab\u00a0Boostez votre Pr\u00e9sence en Ligne\u00a0\u00bb est faite pour vous ! Votre formateur : Nicolas Fontaine, chef d&rsquo;entreprise et formateur professionnel. Voici quelques-uns des avantages que vous retirerez de cette formation : N&rsquo;attendez plus, rejoignez d\u00e8s maintenant notre formation \u00ab\u00a0Boostez votre [&hellip;]<\/p>\n","protected":false},"author":1,"featured_media":0,"parent":0,"menu_order":0,"comment_status":"closed","ping_status":"closed","template":"","meta":{"saved_in_kubio":false,"footnotes":""},"class_list":["post-856","page","type-page","status-publish","hentry"],"kubio_ai_page_context":{"short_desc":"","purpose":"general"},"_links":{"self":[{"href":"https:\/\/korestudio.fr\/index.php\/wp-json\/wp\/v2\/pages\/856","targetHints":{"allow":["GET"]}}],"collection":[{"href":"https:\/\/korestudio.fr\/index.php\/wp-json\/wp\/v2\/pages"}],"about":[{"href":"https:\/\/korestudio.fr\/index.php\/wp-json\/wp\/v2\/types\/page"}],"author":[{"embeddable":true,"href":"https:\/\/korestudio.fr\/index.php\/wp-json\/wp\/v2\/users\/1"}],"replies":[{"embeddable":true,"href":"https:\/\/korestudio.fr\/index.php\/wp-json\/wp\/v2\/comments?post=856"}],"version-history":[{"count":0,"href":"https:\/\/korestudio.fr\/index.php\/wp-json\/wp\/v2\/pages\/856\/revisions"}],"wp:attachment":[{"href":"https:\/\/korestudio.fr\/index.php\/wp-json\/wp\/v2\/media?parent=856"}],"curies":[{"name":"wp","href":"https:\/\/api.w.org\/{rel}","templated":true}]}}